{"id":1295,"date":"2016-06-09T08:39:26","date_gmt":"2016-06-09T08:39:26","guid":{"rendered":"http:\/\/moments.select-themes.com\/?page_id=1295"},"modified":"2022-01-15T10:40:35","modified_gmt":"2022-01-15T10:40:35","slug":"contact-us","status":"publish","type":"page","link":"https:\/\/old.slubnachwila.com\/?page_id=1295","title":{"rendered":"KONTAKT"},"content":{"rendered":"<p>[vc_row][vc_column][vc_empty_space height=&#8221;70&#8243;][\/vc_column][\/vc_row][vc_row][vc_column][vc_single_image image=&#8221;3830&#8243; img_size=&#8221;250&#215;250&#8243; alignment=&#8221;center&#8221;][\/vc_column][\/vc_row][vc_row content_width=&#8221;grid&#8221; content_aligment=&#8221;center&#8221; css=&#8221;.vc_custom_1465463568984{padding-top: 92px !important;padding-bottom: 60px !important;}&#8221;][vc_column][vc_column_text]<\/p>\n<h3 style=\"text-align: center;\">Szukacie idealnego fotografa?<\/h3>\n<p style=\"text-align: center;\">Ju\u017c znale\u017ali\u015bcie!<\/p>\n<p style=\"text-align: center;\">Przyjmujemy wyzwanie.<\/p>\n<p style=\"text-align: center;\">Czekamy na Wasz\u0105 wiadomo\u015b\u0107.<\/p>\n<p style=\"text-align: center;\">Zadzwo\u0144cie lub napiszcie, a przy kawie na pewno si\u0119 dogadamy :).<\/p>\n<p>[\/vc_column_text][vc_empty_space height=&#8221;60px&#8221;][\/vc_column][\/vc_row][vc_row][vc_column][vc_column_text]<\/p>\n<h4 style=\"text-align: center;\"><span style=\"color: #333333;\"><strong>Micha\u0142 Marton<\/strong><\/span><\/h4>\n<p>[\/vc_column_text][\/vc_column][\/vc_row][vc_row][vc_column][vc_empty_space height=&#8221;8px&#8221;][\/vc_column][\/vc_row][vc_row][vc_column][vc_column_text]<\/p>\n<h4 style=\"text-align: center;\"><span style=\"color: #808080;\">T. (+48) 506 797 038<\/span><\/h4>\n<p>[\/vc_column_text][\/vc_column][\/vc_row][vc_row][vc_column][vc_empty_space height=&#8221;60px&#8221;][\/vc_column][\/vc_row][vc_row][vc_column][vc_empty_space height=&#8221;8px&#8221;][\/vc_column][\/vc_row][vc_row][vc_column][vc_empty_space height=&#8221;100px&#8221;][\/vc_column][\/vc_row][vc_row content_width=&#8221;grid&#8221; content_aligment=&#8221;center&#8221; css=&#8221;.vc_custom_1466667999725{padding-top: 113px !important;padding-bottom: 70px !important;background-color: #fff0e6 !important;}&#8221;][vc_column][vc_column_text]<\/p>\n<h2>Napisz do mnie<\/h2>\n<p>[\/vc_column_text][vc_empty_space height=&#8221;5px&#8221;][vc_column_text]<\/p>\n<p style=\"text-align: center;\">W celu sprawdzenia dost\u0119pno\u015bci terminu oraz bie\u017c\u0105cej oferty.<\/p>\n<p>[\/vc_column_text][\/vc_column][\/vc_row][vc_row css=&#8221;.vc_custom_1480340956162{background-color: #fff0e6 !important;}&#8221;][vc_column width=&#8221;1\/3&#8243;][vc_column_text][\/vc_column_text][\/vc_column][vc_column width=&#8221;1\/3&#8243;]\n<div class=\"wpcf7 no-js\" id=\"wpcf7-f1307-o1\" lang=\"en-US\" dir=\"ltr\" data-wpcf7-id=\"1307\">\n<div class=\"screen-reader-response\"><p role=\"status\" aria-live=\"polite\" aria-atomic=\"true\"><\/p> <ul><\/ul><\/div>\n<form action=\"\/index.php?rest_route=%2Fwp%2Fv2%2Fpages%2F1295#wpcf7-f1307-o1\" method=\"post\" class=\"wpcf7-form init cf7_custom_style_1\" aria-label=\"Contact form\" novalidate=\"novalidate\" data-status=\"init\">\n<fieldset class=\"hidden-fields-container\"><input type=\"hidden\" name=\"_wpcf7\" value=\"1307\" \/><input type=\"hidden\" name=\"_wpcf7_version\" value=\"6.1.5\" \/><input type=\"hidden\" name=\"_wpcf7_locale\" value=\"en_US\" \/><input type=\"hidden\" name=\"_wpcf7_unit_tag\" value=\"wpcf7-f1307-o1\" \/><input type=\"hidden\" name=\"_wpcf7_container_post\" value=\"0\" \/><input type=\"hidden\" name=\"_wpcf7_posted_data_hash\" value=\"\" \/>\n<\/fieldset>\n<p><span class=\"wpcf7-form-control-wrap\" data-name=\"your-name\"><input size=\"40\" maxlength=\"400\" class=\"wpcf7-form-control wpcf7-text wpcf7-validates-as-required\" aria-required=\"true\" aria-invalid=\"false\" placeholder=\"Imi\u0119 i Nazwisko\" value=\"\" type=\"text\" name=\"your-name\" \/><\/span><br \/>\n<span class=\"wpcf7-form-control-wrap\" data-name=\"your-email\"><input size=\"40\" maxlength=\"400\" class=\"wpcf7-form-control wpcf7-email wpcf7-validates-as-required wpcf7-text wpcf7-validates-as-email\" aria-required=\"true\" aria-invalid=\"false\" placeholder=\"Email\" value=\"\" type=\"email\" name=\"your-email\" \/><\/span><br \/>\n<span class=\"wpcf7-form-control-wrap\" data-name=\"your-subject\"><input size=\"40\" maxlength=\"400\" class=\"wpcf7-form-control wpcf7-text wpcf7-validates-as-required\" aria-required=\"true\" aria-invalid=\"false\" placeholder=\"Telefon\" value=\"\" type=\"text\" name=\"your-subject\" \/><\/span><br \/>\n<span class=\"wpcf7-form-control-wrap\" data-name=\"your-message\"><textarea cols=\"40\" rows=\"10\" maxlength=\"2000\" class=\"wpcf7-form-control wpcf7-textarea wpcf7-validates-as-required\" aria-required=\"true\" aria-invalid=\"false\" placeholder=\"Data, miejsce i kr\u00f3tki opis planowanego \u015blubu\" name=\"your-message\"><\/textarea><\/span><br \/>\n<input class=\"wpcf7-form-control wpcf7-submit has-spinner\" type=\"submit\" value=\"Wy\u015blij\" \/>\n<\/p><div class=\"wpcf7-response-output\" aria-hidden=\"true\"><\/div>\n<\/form>\n<\/div>\n[\/vc_column][vc_column width=&#8221;1\/3&#8243;][vc_column_text][\/vc_column_text][\/vc_column][\/vc_row][vc_row css=&#8221;.vc_custom_1480341082978{background-color: #fff0e6 !important;}&#8221;][vc_column][vc_empty_space height=&#8221;70&#8243;][\/vc_column][\/vc_row][vc_row content_width=&#8221;grid&#8221; content_aligment=&#8221;center&#8221; css=&#8221;.vc_custom_1466667999725{padding-top: 113px !important;padding-bottom: 70px !important;background-color: #fff0e6 !important;}&#8221;][vc_column][vc_column_text]<a href=\"https:\/\/old.slubnachwila.com\/wp-content\/uploads\/2021\/12\/plansza-informacyjna-PFR-poziom.png\"><img loading=\"lazy\" decoding=\"async\" class=\"size-full wp-image-30679 aligncenter\" src=\"https:\/\/old.slubnachwila.com\/wp-content\/uploads\/2021\/12\/plansza-informacyjna-PFR-poziom.png\" alt=\"\" width=\"1790\" height=\"261\" srcset=\"https:\/\/old.slubnachwila.com\/wp-content\/uploads\/2021\/12\/plansza-informacyjna-PFR-poziom.png 1790w, https:\/\/old.slubnachwila.com\/wp-content\/uploads\/2021\/12\/plansza-informacyjna-PFR-poziom-768x112.png 768w, https:\/\/old.slubnachwila.com\/wp-content\/uploads\/2021\/12\/plansza-informacyjna-PFR-poziom-1536x224.png 1536w\" sizes=\"auto, (max-width: 1790px) 100vw, 1790px\" \/><\/a>[\/vc_column_text][vc_empty_space height=&#8221;5px&#8221;][\/vc_column][\/vc_row]<\/p>\n","protected":false},"excerpt":{"rendered":"<p>[vc_row][vc_column][vc_empty_space height=&#8221;70&#8243;][\/vc_column][\/vc_row][vc_row][vc_column][vc_single_image image=&#8221;3830&#8243; img_size=&#8221;250&#215;250&#8243; alignment=&#8221;center&#8221;][\/vc_column][\/vc_row][vc_row content_width=&#8221;grid&#8221; content_aligment=&#8221;center&#8221; css=&#8221;.vc_custom_1465463568984{padding-top: 92px !important;padding-bottom: 60px !important;}&#8221;][vc_column][vc_column_text] Szukacie idealnego fotografa? Ju\u017c znale\u017ali\u015bcie! Przyjmujemy wyzwanie. Czekamy na Wasz\u0105 wiadomo\u015b\u0107. Zadzwo\u0144cie lub napiszcie, a przy kawie na pewno si\u0119 dogadamy :). [\/vc_column_text][vc_empty_space height=&#8221;60px&#8221;][\/vc_column][\/vc_row][vc_row][vc_column][vc_column_text] Micha\u0142 Marton [\/vc_column_text][\/vc_column][\/vc_row][vc_row][vc_column][vc_empty_space height=&#8221;8px&#8221;][\/vc_column][\/vc_row][vc_row][vc_column][vc_column_text] T. (+48) 506 797 038 [\/vc_column_text][\/vc_column][\/vc_row][vc_row][vc_column][vc_empty_space height=&#8221;60px&#8221;][\/vc_column][\/vc_row][vc_row][vc_column][vc_empty_space height=&#8221;8px&#8221;][\/vc_column][\/vc_row][vc_row][vc_column][vc_empty_space height=&#8221;100px&#8221;][\/vc_column][\/vc_row][vc_row content_width=&#8221;grid&#8221; content_aligment=&#8221;center&#8221; css=&#8221;.vc_custom_1466667999725{padding-top: 113px !important;padding-bottom: 70px [&hellip;]<\/p>\n","protected":false},"author":1,"featured_media":0,"parent":0,"menu_order":0,"comment_status":"closed","ping_status":"closed","template":"full-width.php","meta":{"footnotes":""},"class_list":["post-1295","page","type-page","status-publish","hentry"],"_links":{"self":[{"href":"https:\/\/old.slubnachwila.com\/index.php?rest_route=\/wp\/v2\/pages\/1295","targetHints":{"allow":["GET"]}}],"collection":[{"href":"https:\/\/old.slubnachwila.com\/index.php?rest_route=\/wp\/v2\/pages"}],"about":[{"href":"https:\/\/old.slubnachwila.com\/index.php?rest_route=\/wp\/v2\/types\/page"}],"author":[{"embeddable":true,"href":"https:\/\/old.slubnachwila.com\/index.php?rest_route=\/wp\/v2\/users\/1"}],"replies":[{"embeddable":true,"href":"https:\/\/old.slubnachwila.com\/index.php?rest_route=%2Fwp%2Fv2%2Fcomments&post=1295"}],"version-history":[{"count":55,"href":"https:\/\/old.slubnachwila.com\/index.php?rest_route=\/wp\/v2\/pages\/1295\/revisions"}],"predecessor-version":[{"id":33441,"href":"https:\/\/old.slubnachwila.com\/index.php?rest_route=\/wp\/v2\/pages\/1295\/revisions\/33441"}],"wp:attachment":[{"href":"https:\/\/old.slubnachwila.com\/index.php?rest_route=%2Fwp%2Fv2%2Fmedia&parent=1295"}],"curies":[{"name":"wp","href":"https:\/\/api.w.org\/{rel}","templated":true}]}}