{"id":3728,"date":"2016-06-01T07:38:33","date_gmt":"2016-06-01T07:38:33","guid":{"rendered":"http:\/\/moments.select-themes.com\/?page_id=12"},"modified":"2017-03-03T14:39:13","modified_gmt":"2017-03-03T14:39:13","slug":"home-announcement-ii","status":"publish","type":"page","link":"https:\/\/old.slubnachwila.com\/","title":{"rendered":"Home Announcement II"},"content":{"rendered":"<p>[vc_row content_width=&#8221;grid&#8221; content_aligment=&#8221;center&#8221; css=&#8221;.vc_custom_1464772302633{padding-top: 138px !important;padding-bottom: 143px !important;}&#8221;][vc_column][vc_column_text]<\/p>\n<h2>\u015alubna Chwila<\/h2>\n<p>[\/vc_column_text][vc_empty_space height=&#8221;17px&#8221;][vc_column_text]\u015alub to najwa\u017cniejsza chwila w \u017cyciu cz\u0142owieka, a my staramy si\u0119 ka\u017cd\u0105 chwil\u0119 uchwyci\u0107 tak, aby sta\u0142a si\u0119 wieczna i odda\u0142a pi\u0119kno tego dnia. Oferujemy kompletne reporta\u017ce z przygotowa\u0144, ceremonii oraz przyj\u0119cia weselnego. Wykonujemy tak\u017ce \u015blubny plener. G\u00f3ry, pla\u017ca, \u0142\u0105ka, pa\u0142ac&#8230; To Wy wybieracie miejsce i termin niezapomnianej sesji, r\u00f3wnie\u017c za granic\u0105. My zawsze i wsz\u0119dzie dok\u0142adamy wszelkich stara\u0144 aby uchwyci\u0107 najwa\u017cniejsze dla Was momenty.<br \/>\nPomagamy, ustawiamy, roz\u015bmieszamy, podpowiadamy wi\u0119c nie musicie si\u0119 o nic martwi\u0107. Po to jeste\u015bmy aby Wam pom\u00f3c i aby ka\u017cde zdj\u0119cie by\u0142o NAJlepsze.[\/vc_column_text][vc_empty_space height=&#8221;30px&#8221;][vc_single_image image=&#8221;2814&#8243; img_size=&#8221;150&#215;150&#8243; alignment=&#8221;center&#8221;][vc_empty_space height=&#8221;40px&#8221;][\/vc_column][\/vc_row][vc_row row_type=&#8221;parallax&#8221; content_width=&#8221;grid&#8221; content_aligment=&#8221;center&#8221; full_screen_section_height=&#8221;no&#8221; section_height=&#8221;120&#8243; parallax_background_image=&#8221;1024&#8243; css=&#8221;.vc_custom_1480342460012{padding-top: 13.5% !important;padding-bottom: 14.4% !important;}&#8221;][vc_column][qodef_custom_font custom_font_tag=&#8221;p&#8221; font_size=&#8221;50&#8243; line_height=&#8221;50&#8243; font_weight=&#8221;100&#8243; content_custom_font=&#8221;Je\u015bli jeste\u015b na tej stronie, to znaczy \u017ce marzysz<br \/>\no idealnych zdj\u0119ciach. &#8221; color=&#8221;#ffffff&#8221;][vc_empty_space height=&#8221;37px&#8221;][qodef_custom_font font_family=&#8221;Raleway&#8221; font_size=&#8221;25&#8243; font_weight=&#8221;100&#8243; content_custom_font=&#8221;Jeste\u015bmy od spe\u0142niania Waszych marze\u0144.<br \/>\n&#8221; color=&#8221;#ffffff&#8221;][\/vc_column][\/vc_row][vc_row content_width=&#8221;grid&#8221; content_aligment=&#8221;center&#8221; css=&#8221;.vc_custom_1464776047199{padding-top: 125px !important;padding-bottom: 90px !important;background-color: #faebe3 !important;}&#8221;][vc_column][vc_column_text][\/vc_column_text][vc_empty_space height=&#8221;18px&#8221;][vc_column_text css=&#8221;.vc_custom_1480342813180{padding-right: 7% !important;padding-left: 7% !important;}&#8221;][\/vc_column_text][\/vc_column][\/vc_row][vc_row content_width=&#8221;grid&#8221; css=&#8221;.vc_custom_1464775854280{padding-bottom: 137px !important;background-color: #faebe3 !important;}&#8221;][vc_column][qodef_image_gallery type=&#8221;image_grid&#8221; column_number=&#8221;4&#8243; pretty_photo=&#8221;yes&#8221; grayscale=&#8221;no&#8221; images=&#8221;46,47,48,49,50,51,52,53,54,55,56,57&#8243; image_size=&#8221;full&#8221;][\/vc_column][\/vc_row][vc_row content_width=&#8221;grid&#8221; content_aligment=&#8221;center&#8221; css=&#8221;.vc_custom_1464856752852{padding-top: 220px !important;padding-bottom: 220px !important;background-image: url(http:\/\/moments.select-themes.com\/wp-content\/uploads\/2016\/06\/home-1-image-2.jpg?id=113) !important;background-position: center !important;background-repeat: no-repeat !important;background-size: cover !important;}&#8221;][vc_column][qodef_custom_font font_size=&#8221;50&#8243; line_height=&#8221;50&#8243; font_weight=&#8221;100&#8243; content_custom_font=&#8221;Do zobaczenia na Waszym \u015blubie!&#8221; color=&#8221;#ffffff&#8221;][vc_empty_space height=&#8221;10px&#8221;][vc_row_inner content_width=&#8221;grid&#8221; content_aligment=&#8221;center&#8221;][vc_column_inner offset=&#8221;vc_col-lg-offset-2 vc_col-lg-8 vc_col-md-offset-2 vc_col-md-8&#8243; css=&#8221;.vc_custom_1466498254330{padding-right: 12% !important;padding-left: 12% !important;}&#8221;][qodef_custom_font font_family=&#8221;Raleway&#8221; font_size=&#8221;25&#8243; font_weight=&#8221;100&#8243; content_custom_font=&#8221;Bo z nami ka\u017cda chwila jest t\u0105 jedyn\u0105 &#8221; color=&#8221;#ffffff&#8221;][\/vc_column_inner][\/vc_row_inner][vc_empty_space height=&#8221;30px&#8221;][qodef_button size=&#8221;&#8221; type=&#8221;outline&#8221; target=&#8221;_self&#8221; icon_pack=&#8221;&#8221; font_weight=&#8221;&#8221; text=&#8221;mail&#8221; color=&#8221;#ffffff&#8221; link=&#8221;https:\/\/old.slubnachwila.com\/?page_id=1295&#8243;][\/vc_column][\/vc_row]<\/p>\n","protected":false},"excerpt":{"rendered":"<p>[vc_row content_width=&#8221;grid&#8221; content_aligment=&#8221;center&#8221; css=&#8221;.vc_custom_1464772302633{padding-top: 138px !important;padding-bottom: 143px !important;}&#8221;][vc_column][vc_column_text] \u015alubna Chwila [\/vc_column_text][vc_empty_space height=&#8221;17px&#8221;][vc_column_text]\u015alub to najwa\u017cniejsza chwila w \u017cyciu cz\u0142owieka, a my staramy si\u0119 ka\u017cd\u0105 chwil\u0119 uchwyci\u0107 tak, aby sta\u0142a si\u0119 wieczna i odda\u0142a pi\u0119kno tego dnia. Oferujemy kompletne reporta\u017ce z przygotowa\u0144, ceremonii oraz przyj\u0119cia weselnego. Wykonujemy tak\u017ce \u015blubny plener. G\u00f3ry, pla\u017ca, \u0142\u0105ka, pa\u0142ac&#8230; To Wy wybieracie [&hellip;]<\/p>\n","protected":false},"author":1,"featured_media":0,"parent":0,"menu_order":0,"comment_status":"closed","ping_status":"closed","template":"full-width.php","meta":{"footnotes":""},"class_list":["post-3728","page","type-page","status-publish","hentry"],"_links":{"self":[{"href":"https:\/\/old.slubnachwila.com\/index.php?rest_route=\/wp\/v2\/pages\/3728","targetHints":{"allow":["GET"]}}],"collection":[{"href":"https:\/\/old.slubnachwila.com\/index.php?rest_route=\/wp\/v2\/pages"}],"about":[{"href":"https:\/\/old.slubnachwila.com\/index.php?rest_route=\/wp\/v2\/types\/page"}],"author":[{"embeddable":true,"href":"https:\/\/old.slubnachwila.com\/index.php?rest_route=\/wp\/v2\/users\/1"}],"replies":[{"embeddable":true,"href":"https:\/\/old.slubnachwila.com\/index.php?rest_route=%2Fwp%2Fv2%2Fcomments&post=3728"}],"version-history":[{"count":51,"href":"https:\/\/old.slubnachwila.com\/index.php?rest_route=\/wp\/v2\/pages\/3728\/revisions"}],"predecessor-version":[{"id":5129,"href":"https:\/\/old.slubnachwila.com\/index.php?rest_route=\/wp\/v2\/pages\/3728\/revisions\/5129"}],"wp:attachment":[{"href":"https:\/\/old.slubnachwila.com\/index.php?rest_route=%2Fwp%2Fv2%2Fmedia&parent=3728"}],"curies":[{"name":"wp","href":"https:\/\/api.w.org\/{rel}","templated":true}]}}