{"id":572,"date":"2016-06-06T07:54:21","date_gmt":"2016-06-06T07:54:21","guid":{"rendered":"http:\/\/moments.select-themes.com\/?page_id=572"},"modified":"2017-02-15T22:24:20","modified_gmt":"2017-02-15T22:24:20","slug":"bridesmaids-groomsmen","status":"publish","type":"page","link":"https:\/\/old.slubnachwila.com\/?page_id=572","title":{"rendered":"KIM JESTE\u015aMY"},"content":{"rendered":"<p>[vc_row content_width=&#8221;grid&#8221; content_aligment=&#8221;center&#8221; css=&#8221;.vc_custom_1465826271476{padding-top: 100px !important;padding-bottom: 73px !important;}&#8221;][vc_column][vc_single_image image=&#8221;573&#8243; img_size=&#8221;full&#8221; alignment=&#8221;center&#8221;][vc_empty_space height=&#8221;30px&#8221;][vc_column_text]<\/p>\n<h2 style=\"text-align: center;\">Je\u015bli jeste\u015bcie na tej stronie, to znaczy \u017ce marzycie o idealnych zdj\u0119ciach.<br \/>\nJeste\u015bmy od spe\u0142niania Waszych marze\u0144.<\/h2>\n<p>[\/vc_column_text][vc_empty_space height=&#8221;30px&#8221;][vc_column_text]\u015alub to najwa\u017cniejsza chwila w ka\u017cdego z nas, a my staramy si\u0119 ka\u017cd\u0105 chwil\u0119 uchwyci\u0107 tak, aby sta\u0142a si\u0119 wieczna i odda\u0142a pi\u0119kno tego dnia. Oferujemy kompletne reporta\u017ce z przygotowa\u0144, ceremonii oraz przyj\u0119cia weselnego. Wykonujemy tak\u017ce \u015blubny plener. G\u00f3ry, pla\u017ca, \u0142\u0105ka, lotnisko, pa\u0142ac&#8230; To Wy wybieracie miejsce i termin niezapomnianej sesji, r\u00f3wnie\u017c za granic\u0105.my zawsze i wsz\u0119dzie dok\u0142adamy wszelkich stara\u0144, aby uchwyci\u0107 najwa\u017cniejsze dla Was momenty.<br \/>\nPomagamy, ustawiamy, roz\u015bmieszamy, podpowiadamy, wi\u0119c nie musicie si\u0119 o nic martwi\u0107. Po to jeste\u015bmy aby Wam pom\u00f3c i aby ka\u017cde zdj\u0119cie by\u0142o NAJlepsze.[\/vc_column_text][\/vc_column][\/vc_row][vc_row][vc_column][vc_empty_space height=&#8221;200px&#8221;][\/vc_column][vc_column][\/vc_column][\/vc_row][vc_row css=&#8221;.vc_custom_1487188066419{background-color: #fff0e6 !important;}&#8221;][vc_column][vc_empty_space height=&#8221;200px&#8221;][\/vc_column][vc_column][\/vc_column][\/vc_row]<\/p>\n","protected":false},"excerpt":{"rendered":"<p>[vc_row content_width=&#8221;grid&#8221; content_aligment=&#8221;center&#8221; css=&#8221;.vc_custom_1465826271476{padding-top: 100px !important;padding-bottom: 73px !important;}&#8221;][vc_column][vc_single_image image=&#8221;573&#8243; img_size=&#8221;full&#8221; alignment=&#8221;center&#8221;][vc_empty_space height=&#8221;30px&#8221;][vc_column_text] Je\u015bli jeste\u015bcie na tej stronie, to znaczy \u017ce marzycie o idealnych zdj\u0119ciach. Jeste\u015bmy od spe\u0142niania Waszych marze\u0144. [\/vc_column_text][vc_empty_space height=&#8221;30px&#8221;][vc_column_text]\u015alub to najwa\u017cniejsza chwila w ka\u017cdego z nas, a my staramy si\u0119 ka\u017cd\u0105 chwil\u0119 uchwyci\u0107 tak, aby sta\u0142a si\u0119 wieczna i odda\u0142a pi\u0119kno tego dnia. [&hellip;]<\/p>\n","protected":false},"author":1,"featured_media":0,"parent":0,"menu_order":0,"comment_status":"closed","ping_status":"closed","template":"full-width.php","meta":{"footnotes":""},"class_list":["post-572","page","type-page","status-publish","hentry"],"_links":{"self":[{"href":"https:\/\/old.slubnachwila.com\/index.php?rest_route=\/wp\/v2\/pages\/572","targetHints":{"allow":["GET"]}}],"collection":[{"href":"https:\/\/old.slubnachwila.com\/index.php?rest_route=\/wp\/v2\/pages"}],"about":[{"href":"https:\/\/old.slubnachwila.com\/index.php?rest_route=\/wp\/v2\/types\/page"}],"author":[{"embeddable":true,"href":"https:\/\/old.slubnachwila.com\/index.php?rest_route=\/wp\/v2\/users\/1"}],"replies":[{"embeddable":true,"href":"https:\/\/old.slubnachwila.com\/index.php?rest_route=%2Fwp%2Fv2%2Fcomments&post=572"}],"version-history":[{"count":13,"href":"https:\/\/old.slubnachwila.com\/index.php?rest_route=\/wp\/v2\/pages\/572\/revisions"}],"predecessor-version":[{"id":5125,"href":"https:\/\/old.slubnachwila.com\/index.php?rest_route=\/wp\/v2\/pages\/572\/revisions\/5125"}],"wp:attachment":[{"href":"https:\/\/old.slubnachwila.com\/index.php?rest_route=%2Fwp%2Fv2%2Fmedia&parent=572"}],"curies":[{"name":"wp","href":"https:\/\/api.w.org\/{rel}","templated":true}]}}